{"id":188,"date":"2009-05-08T19:29:51","date_gmt":"2009-05-08T17:29:51","guid":{"rendered":"http:\/\/blog-bobika.eu\/?page_id=188"},"modified":"2015-08-28T17:11:07","modified_gmt":"2015-08-28T15:11:07","slug":"wedlina-1","status":"publish","type":"page","link":"https:\/\/blog-bobika.eu\/?page_id=188","title":{"rendered":"W\u0119dlina"},"content":{"rendered":"<p>W pokoiku na stoliku<br \/>\nle\u017ca\u0142a w\u0119dlina,<br \/>\npo godzinie z niej zosta\u0142a<br \/>\ntylko odrobina.<\/p>\n<p>Lecz nie wi\u0144cie wy Bobika,<br \/>\nbo po jego minie<br \/>\nwida\u0107 przecie\u017c, \u017ce nie zrobi<br \/>\non krzywdy w\u0119dlinie.<\/p>\n<p>Patrzy na ni\u0105 psim spojrzeniem,<br \/>\ngrywa jej Chopina,<br \/>\n&#8222;mia cara&#8221;, pyta s\u0142odko,<br \/>\n&#8222;mo\u017ce \u0142yczek wina?&#8221;<\/p>\n<p>Nie unika nawet m\u0119ki<br \/>\nspo\u0142ecznego czyna,<br \/>\ngdy w\u0119dlina tylko o to<br \/>\nprosi\u0107 go zaczyna.<\/p>\n<p>Tak wi\u0119c w sprawie zbrodni, kary,<br \/>\nwiny i w\u0119dliny,<br \/>\nnic przeciwko Bobikowi<br \/>\nnie wynajd\u0105 gliny! <\/p>\n","protected":false},"excerpt":{"rendered":"<p>W pokoiku na stoliku le\u017ca\u0142a w\u0119dlina, po godzinie z niej zosta\u0142a tylko odrobina. Lecz nie wi\u0144cie wy Bobika, bo po jego minie wida\u0107 przecie\u017c, \u017ce nie zrobi on krzywdy w\u0119dlinie. Patrzy na ni\u0105 psim spojrzeniem, grywa jej Chopina, &#8222;mia cara&#8221;, pyta s\u0142odko, &#8222;mo\u017ce \u0142yczek wina?&#8221; Nie unika nawet m\u0119ki spo\u0142ecznego czyna, gdy w\u0119dlina tylko o to prosi\u0107 go zaczyna. Tak wi\u0119c w sprawie zbrodni, kary, winy i w\u0119dliny, nic przeciwko Bobikowi nie wynajd\u0105 gliny!<\/p>\n","protected":false},"author":274,"featured_media":0,"parent":3,"menu_order":0,"comment_status":"open","ping_status":"open","template":"wiersze1.php","meta":{"footnotes":""},"class_list":["post-188","page","type-page","status-publish","hentry"],"_links":{"self":[{"href":"https:\/\/blog-bobika.eu\/index.php?rest_route=\/wp\/v2\/pages\/188","targetHints":{"allow":["GET"]}}],"collection":[{"href":"https:\/\/blog-bobika.eu\/index.php?rest_route=\/wp\/v2\/pages"}],"about":[{"href":"https:\/\/blog-bobika.eu\/index.php?rest_route=\/wp\/v2\/types\/page"}],"author":[{"embeddable":true,"href":"https:\/\/blog-bobika.eu\/index.php?rest_route=\/wp\/v2\/users\/274"}],"replies":[{"embeddable":true,"href":"https:\/\/blog-bobika.eu\/index.php?rest_route=%2Fwp%2Fv2%2Fcomments&post=188"}],"version-history":[{"count":2,"href":"https:\/\/blog-bobika.eu\/index.php?rest_route=\/wp\/v2\/pages\/188\/revisions"}],"predecessor-version":[{"id":2599,"href":"https:\/\/blog-bobika.eu\/index.php?rest_route=\/wp\/v2\/pages\/188\/revisions\/2599"}],"up":[{"embeddable":true,"href":"https:\/\/blog-bobika.eu\/index.php?rest_route=\/wp\/v2\/pages\/3"}],"wp:attachment":[{"href":"https:\/\/blog-bobika.eu\/index.php?rest_route=%2Fwp%2Fv2%2Fmedia&parent=188"}],"curies":[{"name":"wp","href":"https:\/\/api.w.org\/{rel}","templated":true}]}}