{"id":183,"date":"2009-05-08T19:11:31","date_gmt":"2009-05-08T17:11:31","guid":{"rendered":"http:\/\/blog-bobika.eu\/?page_id=183"},"modified":"2015-08-28T17:32:27","modified_gmt":"2015-08-28T15:32:27","slug":"lod-w-filharmonii","status":"publish","type":"page","link":"https:\/\/blog-bobika.eu\/?page_id=183","title":{"rendered":"L\u00f3d w filharmonii"},"content":{"rendered":"<p>Mr\u00f3z w filharmonii,<br \/>\nz\u0105b o z\u0105b dzwoni<br \/>\na\u017c smyczek z d\u0142oni<br \/>\nwypada mi<br \/>\nach, jak tu \u015blisko,<br \/>\nwr\u0119cz lodowisko,<br \/>\nzamarza wszystko,<br \/>\nlodowo l\u015bni.<\/p>\n<p>Ta\u0144ce na lodzie<br \/>\ndzi\u015b bardziej w modzie,<br \/>\nni\u017ali dobrodziej<br \/>\nBach czy Lully<br \/>\nTrzeba dogoni\u0107,<br \/>\nopornych sk\u0142oni\u0107,<br \/>\nmniej filharmoni\u0107,<br \/>\npokaza\u0107 k\u0142y!<\/p>\n<p>T\u0142um nad t\u0142umami,<br \/>\ncud z biletami:<br \/>\ntaniec z gwiazdami &#8211;<br \/>\npiaru cud.<br \/>\nGdzie tutaj dramat?<br \/>\nTrzeba si\u0119 z\u0142ama\u0107<br \/>\ndopie\u015bci\u0107 chama,<br \/>\ndoceni\u0107 l\u00f3d!<\/p>\n","protected":false},"excerpt":{"rendered":"<p>Mr\u00f3z w filharmonii, z\u0105b o z\u0105b dzwoni a\u017c smyczek z d\u0142oni wypada mi ach, jak tu \u015blisko, wr\u0119cz lodowisko, zamarza wszystko, lodowo l\u015bni. Ta\u0144ce na lodzie dzi\u015b bardziej w modzie, ni\u017ali dobrodziej Bach czy Lully Trzeba dogoni\u0107, opornych sk\u0142oni\u0107, mniej filharmoni\u0107, pokaza\u0107 k\u0142y! T\u0142um nad t\u0142umami, cud z biletami: taniec z gwiazdami &#8211; piaru cud. Gdzie tutaj dramat? Trzeba si\u0119 z\u0142ama\u0107 dopie\u015bci\u0107 chama, doceni\u0107 l\u00f3d!<\/p>\n","protected":false},"author":274,"featured_media":0,"parent":2571,"menu_order":0,"comment_status":"open","ping_status":"open","template":"wiersze_muzyczne.php","meta":{"footnotes":""},"class_list":["post-183","page","type-page","status-publish","hentry"],"_links":{"self":[{"href":"https:\/\/blog-bobika.eu\/index.php?rest_route=\/wp\/v2\/pages\/183","targetHints":{"allow":["GET"]}}],"collection":[{"href":"https:\/\/blog-bobika.eu\/index.php?rest_route=\/wp\/v2\/pages"}],"about":[{"href":"https:\/\/blog-bobika.eu\/index.php?rest_route=\/wp\/v2\/types\/page"}],"author":[{"embeddable":true,"href":"https:\/\/blog-bobika.eu\/index.php?rest_route=\/wp\/v2\/users\/274"}],"replies":[{"embeddable":true,"href":"https:\/\/blog-bobika.eu\/index.php?rest_route=%2Fwp%2Fv2%2Fcomments&post=183"}],"version-history":[{"count":1,"href":"https:\/\/blog-bobika.eu\/index.php?rest_route=\/wp\/v2\/pages\/183\/revisions"}],"predecessor-version":[{"id":2603,"href":"https:\/\/blog-bobika.eu\/index.php?rest_route=\/wp\/v2\/pages\/183\/revisions\/2603"}],"up":[{"embeddable":true,"href":"https:\/\/blog-bobika.eu\/index.php?rest_route=\/wp\/v2\/pages\/2571"}],"wp:attachment":[{"href":"https:\/\/blog-bobika.eu\/index.php?rest_route=%2Fwp%2Fv2%2Fmedia&parent=183"}],"curies":[{"name":"wp","href":"https:\/\/api.w.org\/{rel}","templated":true}]}}