{"id":172,"date":"2009-04-25T04:04:49","date_gmt":"2009-04-25T02:04:49","guid":{"rendered":"http:\/\/blog-bobika.eu\/?page_id=172"},"modified":"2009-04-25T04:04:49","modified_gmt":"2009-04-25T02:04:49","slug":"o-goscinnosci","status":"publish","type":"page","link":"https:\/\/blog-bobika.eu\/?page_id=172","title":{"rendered":"O go\u015bcinno\u015bci"},"content":{"rendered":"<p>Z czym do go\u015bcia? Pytanie to trudne niezmiernie<br \/>\n(a odpowied\u017a trudniejsza jeszcze od pytania),<br \/>\nbo homarem go mo\u017cesz wystraszy\u0107 nadmiernie,<br \/>\n\u017ce a\u017c spojrze\u0107 na talerz ci b\u0119dzie si\u0119 wzbrania\u0142,<br \/>\nzachwyt za to wywo\u0142a\u0107 mo\u017cesz karaluchem,<br \/>\nkt\u00f3ry w zupie zako\u0144czy\u0142 sw\u0105 \u017cyciow\u0105 drog\u0119<br \/>\ni wywo\u0142a\u0107 u go\u015bcia uczu\u0107 zawieruch\u0119,<br \/>\nje\u015bli obiad ze znanym jesz entomologiem.<br \/>\nWi\u0119c poniewa\u017c nie mo\u017cesz rozstrzygn\u0105\u0107 problemu,<br \/>\nbo ju\u017c wiesz, \u017ce nic nie wiesz, pog\u0142\u00f3wkuj w potrzebie<br \/>\n(g\u0142owy jednak nie \u0142ami\u0105c, bo w\u0142a\u015bciwie czemu)<br \/>\ni zapytaj na odwr\u00f3t: a z czym go\u015b\u0107 do ciebie?<\/p>\n","protected":false},"excerpt":{"rendered":"<p>Z czym do go\u015bcia? Pytanie to trudne niezmiernie (a odpowied\u017a trudniejsza jeszcze od pytania), bo homarem go mo\u017cesz wystraszy\u0107 nadmiernie, \u017ce a\u017c spojrze\u0107 na talerz ci b\u0119dzie si\u0119 wzbrania\u0142, zachwyt za to wywo\u0142a\u0107 mo\u017cesz karaluchem, kt\u00f3ry w zupie zako\u0144czy\u0142 sw\u0105 \u017cyciow\u0105 drog\u0119 i wywo\u0142a\u0107 u go\u015bcia uczu\u0107 zawieruch\u0119, je\u015bli obiad ze znanym jesz entomologiem. Wi\u0119c poniewa\u017c nie mo\u017cesz rozstrzygn\u0105\u0107 problemu, bo ju\u017c wiesz, \u017ce nic nie wiesz, pog\u0142\u00f3wkuj w potrzebie (g\u0142owy jednak nie \u0142ami\u0105c, bo w\u0142a\u015bciwie czemu) i zapytaj na odwr\u00f3t: a z czym go\u015b\u0107 do ciebie?<\/p>\n","protected":false},"author":274,"featured_media":0,"parent":3,"menu_order":0,"comment_status":"open","ping_status":"open","template":"wiersze1.php","meta":{"footnotes":""},"class_list":["post-172","page","type-page","status-publish","hentry"],"_links":{"self":[{"href":"https:\/\/blog-bobika.eu\/index.php?rest_route=\/wp\/v2\/pages\/172","targetHints":{"allow":["GET"]}}],"collection":[{"href":"https:\/\/blog-bobika.eu\/index.php?rest_route=\/wp\/v2\/pages"}],"about":[{"href":"https:\/\/blog-bobika.eu\/index.php?rest_route=\/wp\/v2\/types\/page"}],"author":[{"embeddable":true,"href":"https:\/\/blog-bobika.eu\/index.php?rest_route=\/wp\/v2\/users\/274"}],"replies":[{"embeddable":true,"href":"https:\/\/blog-bobika.eu\/index.php?rest_route=%2Fwp%2Fv2%2Fcomments&post=172"}],"version-history":[{"count":0,"href":"https:\/\/blog-bobika.eu\/index.php?rest_route=\/wp\/v2\/pages\/172\/revisions"}],"up":[{"embeddable":true,"href":"https:\/\/blog-bobika.eu\/index.php?rest_route=\/wp\/v2\/pages\/3"}],"wp:attachment":[{"href":"https:\/\/blog-bobika.eu\/index.php?rest_route=%2Fwp%2Fv2%2Fmedia&parent=172"}],"curies":[{"name":"wp","href":"https:\/\/api.w.org\/{rel}","templated":true}]}}