{"id":149,"date":"2009-02-20T02:34:35","date_gmt":"2009-02-20T01:34:35","guid":{"rendered":"http:\/\/blog-bobika.eu\/?page_id=149"},"modified":"2015-08-28T17:39:58","modified_gmt":"2015-08-28T15:39:58","slug":"traby","status":"publish","type":"page","link":"https:\/\/blog-bobika.eu\/?page_id=149","title":{"rendered":"Tr\u0105by"},"content":{"rendered":"<p>Normalny pies nie lubi tr\u0105b,<br \/>\nbo ich nie mo\u017cna wzi\u0105\u0107 na z\u0105b,<br \/>\npozwija\u0107 w k\u0142\u0105b,<br \/>\nnurkowa\u0107 w g\u0142\u0105b,<br \/>\nczy prosi\u0107: &#8222;tr\u0105bo, do mnie wst\u0105p&#8221;.<\/p>\n<p>A gdy takiego znajdziesz psa,<br \/>\nco klepki nie w komplecie ma,<br \/>\nto &#8211; \u017car czy zi\u0105b &#8211;<br \/>\non szuka tr\u0105b,<br \/>\nby zagra\u0107 na nich ta-ra-ra.<\/p>\n<p>Lecz gdy osobowo\u015bci zr\u0105b<br \/>\npies zdrowy ma, unika pomp-<br \/>\natycznych nut<br \/>\ni zmyka w prz\u00f3d,<br \/>\ngdy z ty\u0142u ch\u00f3r go goni tr\u0105b. <\/p>\n","protected":false},"excerpt":{"rendered":"<p>Normalny pies nie lubi tr\u0105b, bo ich nie mo\u017cna wzi\u0105\u0107 na z\u0105b, pozwija\u0107 w k\u0142\u0105b, nurkowa\u0107 w g\u0142\u0105b, czy prosi\u0107: &#8222;tr\u0105bo, do mnie wst\u0105p&#8221;. A gdy takiego znajdziesz psa, co klepki nie w komplecie ma, to &#8211; \u017car czy zi\u0105b &#8211; on szuka tr\u0105b, by zagra\u0107 na nich ta-ra-ra. Lecz gdy osobowo\u015bci zr\u0105b pies zdrowy ma, unika pomp- atycznych nut i zmyka w prz\u00f3d, gdy z ty\u0142u ch\u00f3r go goni tr\u0105b.<\/p>\n","protected":false},"author":274,"featured_media":0,"parent":2569,"menu_order":0,"comment_status":"open","ping_status":"open","template":"wiersze_psy.php","meta":{"footnotes":""},"class_list":["post-149","page","type-page","status-publish","hentry"],"_links":{"self":[{"href":"https:\/\/blog-bobika.eu\/index.php?rest_route=\/wp\/v2\/pages\/149","targetHints":{"allow":["GET"]}}],"collection":[{"href":"https:\/\/blog-bobika.eu\/index.php?rest_route=\/wp\/v2\/pages"}],"about":[{"href":"https:\/\/blog-bobika.eu\/index.php?rest_route=\/wp\/v2\/types\/page"}],"author":[{"embeddable":true,"href":"https:\/\/blog-bobika.eu\/index.php?rest_route=\/wp\/v2\/users\/274"}],"replies":[{"embeddable":true,"href":"https:\/\/blog-bobika.eu\/index.php?rest_route=%2Fwp%2Fv2%2Fcomments&post=149"}],"version-history":[{"count":1,"href":"https:\/\/blog-bobika.eu\/index.php?rest_route=\/wp\/v2\/pages\/149\/revisions"}],"predecessor-version":[{"id":2606,"href":"https:\/\/blog-bobika.eu\/index.php?rest_route=\/wp\/v2\/pages\/149\/revisions\/2606"}],"up":[{"embeddable":true,"href":"https:\/\/blog-bobika.eu\/index.php?rest_route=\/wp\/v2\/pages\/2569"}],"wp:attachment":[{"href":"https:\/\/blog-bobika.eu\/index.php?rest_route=%2Fwp%2Fv2%2Fmedia&parent=149"}],"curies":[{"name":"wp","href":"https:\/\/api.w.org\/{rel}","templated":true}]}}