{"id":147,"date":"2009-02-20T02:31:32","date_gmt":"2009-02-20T01:31:32","guid":{"rendered":"http:\/\/blog-bobika.eu\/?page_id=147"},"modified":"2009-02-20T02:31:32","modified_gmt":"2009-02-20T01:31:32","slug":"wesoly-kawalek","status":"publish","type":"page","link":"https:\/\/blog-bobika.eu\/?page_id=147","title":{"rendered":"Weso\u0142y kawa\u0142ek"},"content":{"rendered":"<p>Cho\u0107 ni ma letko, tragicznie ca\u0142kiem<br \/>\nte\u017c wcale nie jest, uwierzcie mi,<br \/>\nzawsze si\u0119 mo\u017cna cieszy\u0107 kawa\u0142kiem,<br \/>\ngdy ca\u0142o\u015b\u0107 w sosie ponurym tkwi.<\/p>\n<p>Zjadam se rano szynk\u0119 z Serrano,<br \/>\ndziurk\u0105 od nosa wypuszczam dym,<br \/>\nkaw\u0105 zapijam niezabielan\u0105<br \/>\ni ju\u017c si\u0119 troch\u0119 cieszy\u0107 mam czym.<\/p>\n<p>Potem tych uciech mo\u017cna dok\u0142ada\u0107,<br \/>\ncroissant, og\u00f3rek, muzyka z p\u0142yt.<br \/>\ni nagle nie ma ju\u017c o co biada\u0107,<br \/>\na nawet nieco by\u0142oby wstyd.<\/p>\n<p>C\u00f3\u017c, \u017ce si\u0119 czasem psuj\u0105 bojlery,<br \/>\nalbo prezydent znowu g\u0142os da?<br \/>\nMiast na ca\u0142okszta\u0142t miota\u0107 cholery,<br \/>\nuciesz kawa\u0142kiem swe DNA!<\/p>\n","protected":false},"excerpt":{"rendered":"<p>Cho\u0107 ni ma letko, tragicznie ca\u0142kiem te\u017c wcale nie jest, uwierzcie mi, zawsze si\u0119 mo\u017cna cieszy\u0107 kawa\u0142kiem, gdy ca\u0142o\u015b\u0107 w sosie ponurym tkwi. Zjadam se rano szynk\u0119 z Serrano, dziurk\u0105 od nosa wypuszczam dym, kaw\u0105 zapijam niezabielan\u0105 i ju\u017c si\u0119 troch\u0119 cieszy\u0107 mam czym. Potem tych uciech mo\u017cna dok\u0142ada\u0107, croissant, og\u00f3rek, muzyka z p\u0142yt. i nagle nie ma ju\u017c o co biada\u0107, a nawet nieco by\u0142oby wstyd. C\u00f3\u017c, \u017ce si\u0119 czasem psuj\u0105 bojlery, albo prezydent znowu g\u0142os da? Miast na ca\u0142okszta\u0142t miota\u0107 cholery, uciesz kawa\u0142kiem swe DNA!<\/p>\n","protected":false},"author":274,"featured_media":0,"parent":4,"menu_order":0,"comment_status":"open","ping_status":"open","template":"wiersze2.php","meta":{"footnotes":""},"class_list":["post-147","page","type-page","status-publish","hentry"],"_links":{"self":[{"href":"https:\/\/blog-bobika.eu\/index.php?rest_route=\/wp\/v2\/pages\/147","targetHints":{"allow":["GET"]}}],"collection":[{"href":"https:\/\/blog-bobika.eu\/index.php?rest_route=\/wp\/v2\/pages"}],"about":[{"href":"https:\/\/blog-bobika.eu\/index.php?rest_route=\/wp\/v2\/types\/page"}],"author":[{"embeddable":true,"href":"https:\/\/blog-bobika.eu\/index.php?rest_route=\/wp\/v2\/users\/274"}],"replies":[{"embeddable":true,"href":"https:\/\/blog-bobika.eu\/index.php?rest_route=%2Fwp%2Fv2%2Fcomments&post=147"}],"version-history":[{"count":0,"href":"https:\/\/blog-bobika.eu\/index.php?rest_route=\/wp\/v2\/pages\/147\/revisions"}],"up":[{"embeddable":true,"href":"https:\/\/blog-bobika.eu\/index.php?rest_route=\/wp\/v2\/pages\/4"}],"wp:attachment":[{"href":"https:\/\/blog-bobika.eu\/index.php?rest_route=%2Fwp%2Fv2%2Fmedia&parent=147"}],"curies":[{"name":"wp","href":"https:\/\/api.w.org\/{rel}","templated":true}]}}