{"id":146,"date":"2009-02-20T02:30:14","date_gmt":"2009-02-20T01:30:14","guid":{"rendered":"http:\/\/blog-bobika.eu\/?page_id=146"},"modified":"2009-02-20T02:30:14","modified_gmt":"2009-02-20T01:30:14","slug":"zima-zla","status":"publish","type":"page","link":"https:\/\/blog-bobika.eu\/?page_id=146","title":{"rendered":"Zima z\u0142a"},"content":{"rendered":"<p>Wszystkie myszy przysypane<br \/>\ndzisiaj \u015bniegiem kopnym,<br \/>\n\u0142apy za\u015b zdegustowane<br \/>\ntym mrozem okropnym.<\/p>\n<p>Zima z\u0142a, niedobra zima,<br \/>\nledwo idzie j\u0105 wytrzyma\u0107,<br \/>\ngdy si\u0119 jest piecuchem.<br \/>\nZnacznie milej w dzionki letnie<br \/>\nwylegiwa\u0107 si\u0119 dyskretnie<br \/>\nz nape\u0142nionym brzuchem?<\/p>\n<p>W zwi\u0105zku z tym si\u0119 zastanawiam:<br \/>\nco by by\u0142o gdyby<br \/>\ndo Warszawy lub Wroc\u0142awia<br \/>\nprzenie\u015b\u0107 Karaiby?<\/p>\n","protected":false},"excerpt":{"rendered":"<p>Wszystkie myszy przysypane dzisiaj \u015bniegiem kopnym, \u0142apy za\u015b zdegustowane tym mrozem okropnym. Zima z\u0142a, niedobra zima, ledwo idzie j\u0105 wytrzyma\u0107, gdy si\u0119 jest piecuchem. Znacznie milej w dzionki letnie wylegiwa\u0107 si\u0119 dyskretnie z nape\u0142nionym brzuchem? W zwi\u0105zku z tym si\u0119 zastanawiam: co by by\u0142o gdyby do Warszawy lub Wroc\u0142awia przenie\u015b\u0107 Karaiby?<\/p>\n","protected":false},"author":274,"featured_media":0,"parent":4,"menu_order":0,"comment_status":"open","ping_status":"open","template":"wiersze2.php","meta":{"footnotes":""},"class_list":["post-146","page","type-page","status-publish","hentry"],"_links":{"self":[{"href":"https:\/\/blog-bobika.eu\/index.php?rest_route=\/wp\/v2\/pages\/146","targetHints":{"allow":["GET"]}}],"collection":[{"href":"https:\/\/blog-bobika.eu\/index.php?rest_route=\/wp\/v2\/pages"}],"about":[{"href":"https:\/\/blog-bobika.eu\/index.php?rest_route=\/wp\/v2\/types\/page"}],"author":[{"embeddable":true,"href":"https:\/\/blog-bobika.eu\/index.php?rest_route=\/wp\/v2\/users\/274"}],"replies":[{"embeddable":true,"href":"https:\/\/blog-bobika.eu\/index.php?rest_route=%2Fwp%2Fv2%2Fcomments&post=146"}],"version-history":[{"count":0,"href":"https:\/\/blog-bobika.eu\/index.php?rest_route=\/wp\/v2\/pages\/146\/revisions"}],"up":[{"embeddable":true,"href":"https:\/\/blog-bobika.eu\/index.php?rest_route=\/wp\/v2\/pages\/4"}],"wp:attachment":[{"href":"https:\/\/blog-bobika.eu\/index.php?rest_route=%2Fwp%2Fv2%2Fmedia&parent=146"}],"curies":[{"name":"wp","href":"https:\/\/api.w.org\/{rel}","templated":true}]}}