{"id":121,"date":"2008-12-06T20:42:19","date_gmt":"2008-12-06T19:42:19","guid":{"rendered":"http:\/\/blog-bobika.eu\/?page_id=121"},"modified":"2008-12-06T20:42:19","modified_gmt":"2008-12-06T19:42:19","slug":"piesn-ogorka-kiszonego","status":"publish","type":"page","link":"https:\/\/blog-bobika.eu\/?page_id=121","title":{"rendered":"Pie\u015b\u0144 og\u00f3rka kiszonego"},"content":{"rendered":"<p>W tej ciszy, tak bardzo piwnicznej,<br \/>\nfrustracja i gorycz mnie zjada,<br \/>\na ja mam zalety rozliczne<br \/>\ni pragn\u0119 tak, by kto\u015b je zbada\u0142!<\/p>\n<p>Ja przecie\u017c by\u0107 umiem zak\u0105sk\u0105,<br \/>\nzakusk\u0105 i nawet hors d&#8217;oeuvrem,<br \/>\n\u015bliniankom ja oddam z nawi\u0105zk\u0105<br \/>\ni szcz\u0119ki \u0142akome rozewr\u0119.<\/p>\n<p>Jak trzeba za\u015bpiewam <em>Azzurro<\/em>,<br \/>\njak trzeba do ust zrobi\u0119 hyc,<br \/>\na tu stoj\u0119 za konfitur\u0105<br \/>\ni talent marnuj\u0119 po nic!<\/p>\n<p>W zalewy mej w wodach p\u0142odowych<br \/>\nwci\u0105\u017c czekam i spala mnie \u017car,<br \/>\na jam ju\u017c do wyj\u015bcia gotowy,<br \/>\nnarodzi\u0107 si\u0119 chcia\u0142bym jak star.<\/p>\n<p>Piwnica jak flaki mnie nudzi<br \/>\ni kopru powy\u017cej mam usz.<br \/>\nTak bardzo ja chcia\u0142bym do ludzi!<br \/>\nWyjmijcie ze s\u0142oja mnie ju\u017c!<\/p>\n","protected":false},"excerpt":{"rendered":"<p>W tej ciszy, tak bardzo piwnicznej, frustracja i gorycz mnie zjada, a ja mam zalety rozliczne i pragn\u0119 tak, by kto\u015b je zbada\u0142! Ja przecie\u017c by\u0107 umiem zak\u0105sk\u0105, zakusk\u0105 i nawet hors d&#8217;oeuvrem, \u015bliniankom ja oddam z nawi\u0105zk\u0105 i szcz\u0119ki \u0142akome rozewr\u0119. Jak trzeba za\u015bpiewam Azzurro, jak trzeba do ust zrobi\u0119 hyc, a tu stoj\u0119 za konfitur\u0105 i talent marnuj\u0119 po nic! W zalewy mej w wodach p\u0142odowych wci\u0105\u017c czekam i spala mnie \u017car, a jam ju\u017c do wyj\u015bcia gotowy, narodzi\u0107 si\u0119 chcia\u0142bym jak star. Piwnica jak flaki mnie nudzi i kopru powy\u017cej mam usz. Tak bardzo ja chcia\u0142bym do [&hellip;]<\/p>\n","protected":false},"author":274,"featured_media":0,"parent":3,"menu_order":0,"comment_status":"open","ping_status":"open","template":"wiersze1.php","meta":{"footnotes":""},"class_list":["post-121","page","type-page","status-publish","hentry"],"_links":{"self":[{"href":"https:\/\/blog-bobika.eu\/index.php?rest_route=\/wp\/v2\/pages\/121","targetHints":{"allow":["GET"]}}],"collection":[{"href":"https:\/\/blog-bobika.eu\/index.php?rest_route=\/wp\/v2\/pages"}],"about":[{"href":"https:\/\/blog-bobika.eu\/index.php?rest_route=\/wp\/v2\/types\/page"}],"author":[{"embeddable":true,"href":"https:\/\/blog-bobika.eu\/index.php?rest_route=\/wp\/v2\/users\/274"}],"replies":[{"embeddable":true,"href":"https:\/\/blog-bobika.eu\/index.php?rest_route=%2Fwp%2Fv2%2Fcomments&post=121"}],"version-history":[{"count":0,"href":"https:\/\/blog-bobika.eu\/index.php?rest_route=\/wp\/v2\/pages\/121\/revisions"}],"up":[{"embeddable":true,"href":"https:\/\/blog-bobika.eu\/index.php?rest_route=\/wp\/v2\/pages\/3"}],"wp:attachment":[{"href":"https:\/\/blog-bobika.eu\/index.php?rest_route=%2Fwp%2Fv2%2Fmedia&parent=121"}],"curies":[{"name":"wp","href":"https:\/\/api.w.org\/{rel}","templated":true}]}}