{"id":109,"date":"2008-12-03T22:36:07","date_gmt":"2008-12-03T21:36:07","guid":{"rendered":"http:\/\/blog-bobika.eu\/?page_id=109"},"modified":"2008-12-03T22:36:07","modified_gmt":"2008-12-03T21:36:07","slug":"meczennica-jadalna","status":"publish","type":"page","link":"https:\/\/blog-bobika.eu\/?page_id=109","title":{"rendered":"M\u0119czennica jadalna"},"content":{"rendered":"<p>Mog\u0119 nic nie posiada\u0107,<br \/>\nmog\u0119 \u017cy\u0107 na ulicy,<br \/>\nmog\u0119 marzn\u0105\u0107,<br \/>\ng\u0142odowa\u0107,<br \/>\nj\u0119cze\u0107 oraz biada\u0107,<br \/>\na za nic w \u015bwiecie nie tkn\u0119<br \/>\njadalnej m\u0119czennicy!<\/p>\n<p>Niech mi ogon przyro\u015bnie<br \/>\ndo jakiej\u015b p\u00f3\u0142ki skalnej<br \/>\nniech u\u015bwierkn\u0119,<br \/>\nomdlej\u0119,<br \/>\nzemr\u0119 w \u017cycia wio\u015bnie,<br \/>\na i tak za nic nie tkn\u0119<br \/>\nm\u0119czennicy jadalnej.<\/p>\n<p>Do\u015b\u0107 ju\u017c wycierpia\u0142 biedny owoc,<br \/>\nbym ja go jeszcze szarga\u0142.<br \/>\nNie tkn\u0119,<br \/>\nnie spojrz\u0119,<br \/>\nomin\u0119 my\u015bl\u0105 i mow\u0105,<br \/>\ncho\u0107 g\u0142\u00f3d wn\u0119trzno\u015bci targa!<\/p>\n","protected":false},"excerpt":{"rendered":"<p>Mog\u0119 nic nie posiada\u0107, mog\u0119 \u017cy\u0107 na ulicy, mog\u0119 marzn\u0105\u0107, g\u0142odowa\u0107, j\u0119cze\u0107 oraz biada\u0107, a za nic w \u015bwiecie nie tkn\u0119 jadalnej m\u0119czennicy! Niech mi ogon przyro\u015bnie do jakiej\u015b p\u00f3\u0142ki skalnej niech u\u015bwierkn\u0119, omdlej\u0119, zemr\u0119 w \u017cycia wio\u015bnie, a i tak za nic nie tkn\u0119 m\u0119czennicy jadalnej. Do\u015b\u0107 ju\u017c wycierpia\u0142 biedny owoc, bym ja go jeszcze szarga\u0142. Nie tkn\u0119, nie spojrz\u0119, omin\u0119 my\u015bl\u0105 i mow\u0105, cho\u0107 g\u0142\u00f3d wn\u0119trzno\u015bci targa!<\/p>\n","protected":false},"author":274,"featured_media":0,"parent":3,"menu_order":0,"comment_status":"open","ping_status":"open","template":"wiersze1.php","meta":{"footnotes":""},"class_list":["post-109","page","type-page","status-publish","hentry"],"_links":{"self":[{"href":"https:\/\/blog-bobika.eu\/index.php?rest_route=\/wp\/v2\/pages\/109","targetHints":{"allow":["GET"]}}],"collection":[{"href":"https:\/\/blog-bobika.eu\/index.php?rest_route=\/wp\/v2\/pages"}],"about":[{"href":"https:\/\/blog-bobika.eu\/index.php?rest_route=\/wp\/v2\/types\/page"}],"author":[{"embeddable":true,"href":"https:\/\/blog-bobika.eu\/index.php?rest_route=\/wp\/v2\/users\/274"}],"replies":[{"embeddable":true,"href":"https:\/\/blog-bobika.eu\/index.php?rest_route=%2Fwp%2Fv2%2Fcomments&post=109"}],"version-history":[{"count":0,"href":"https:\/\/blog-bobika.eu\/index.php?rest_route=\/wp\/v2\/pages\/109\/revisions"}],"up":[{"embeddable":true,"href":"https:\/\/blog-bobika.eu\/index.php?rest_route=\/wp\/v2\/pages\/3"}],"wp:attachment":[{"href":"https:\/\/blog-bobika.eu\/index.php?rest_route=%2Fwp%2Fv2%2Fmedia&parent=109"}],"curies":[{"name":"wp","href":"https:\/\/api.w.org\/{rel}","templated":true}]}}