{"id":108,"date":"2008-12-03T22:34:27","date_gmt":"2008-12-03T21:34:27","guid":{"rendered":"http:\/\/blog-bobika.eu\/?page_id=108"},"modified":"2015-08-28T14:25:25","modified_gmt":"2015-08-28T12:25:25","slug":"leopard","status":"publish","type":"page","link":"https:\/\/blog-bobika.eu\/?page_id=108","title":{"rendered":"Leopard"},"content":{"rendered":"<p>Nie jest \u0142atwo z leopardem!<br \/>\nNie \u017cywi si\u0119 jajem twardem,<br \/>\nni Cohenem Leonardem,<br \/>\nlekcewa\u017cy awangard\u0119,<br \/>\nkiedy spotka si\u0119 z Ryszardem<br \/>\nrobi mu uwagi harde.<br \/>\nNawet najgor\u0119tszy czardasz<br \/>\nnie porywa leoparda,<br \/>\nni petarda, ni kokarda,<br \/>\nni prze\u017cycia komunarda.<br \/>\nTym, co jego \u017cyciu \u017car da<br \/>\njedno tylko jest: pularda! <\/p>\n","protected":false},"excerpt":{"rendered":"<p>Nie jest \u0142atwo z leopardem! Nie \u017cywi si\u0119 jajem twardem, ni Cohenem Leonardem, lekcewa\u017cy awangard\u0119, kiedy spotka si\u0119 z Ryszardem robi mu uwagi harde. Nawet najgor\u0119tszy czardasz nie porywa leoparda, ni petarda, ni kokarda, ni prze\u017cycia komunarda. Tym, co jego \u017cyciu \u017car da jedno tylko jest: pularda!<\/p>\n","protected":false},"author":274,"featured_media":0,"parent":2567,"menu_order":0,"comment_status":"open","ping_status":"open","template":"wiersze_animalia.php","meta":{"footnotes":""},"class_list":["post-108","page","type-page","status-publish","hentry"],"_links":{"self":[{"href":"https:\/\/blog-bobika.eu\/index.php?rest_route=\/wp\/v2\/pages\/108","targetHints":{"allow":["GET"]}}],"collection":[{"href":"https:\/\/blog-bobika.eu\/index.php?rest_route=\/wp\/v2\/pages"}],"about":[{"href":"https:\/\/blog-bobika.eu\/index.php?rest_route=\/wp\/v2\/types\/page"}],"author":[{"embeddable":true,"href":"https:\/\/blog-bobika.eu\/index.php?rest_route=\/wp\/v2\/users\/274"}],"replies":[{"embeddable":true,"href":"https:\/\/blog-bobika.eu\/index.php?rest_route=%2Fwp%2Fv2%2Fcomments&post=108"}],"version-history":[{"count":1,"href":"https:\/\/blog-bobika.eu\/index.php?rest_route=\/wp\/v2\/pages\/108\/revisions"}],"predecessor-version":[{"id":2587,"href":"https:\/\/blog-bobika.eu\/index.php?rest_route=\/wp\/v2\/pages\/108\/revisions\/2587"}],"up":[{"embeddable":true,"href":"https:\/\/blog-bobika.eu\/index.php?rest_route=\/wp\/v2\/pages\/2567"}],"wp:attachment":[{"href":"https:\/\/blog-bobika.eu\/index.php?rest_route=%2Fwp%2Fv2%2Fmedia&parent=108"}],"curies":[{"name":"wp","href":"https:\/\/api.w.org\/{rel}","templated":true}]}}