{"id":104,"date":"2008-12-03T22:11:50","date_gmt":"2008-12-03T21:11:50","guid":{"rendered":"http:\/\/blog-bobika.eu\/?page_id=104"},"modified":"2015-08-28T19:24:45","modified_gmt":"2015-08-28T17:24:45","slug":"walonki-od-manola","status":"publish","type":"page","link":"https:\/\/blog-bobika.eu\/?page_id=104","title":{"rendered":"Walonki od Manola"},"content":{"rendered":"<p>Walonki od Manola,<br \/>\nhollali hallali,<br \/>\nW Brytaniach czy w Tyrolach<br \/>\nrozgrzej\u0105 serce ci.<\/p>\n<p>Nie przejmuj si\u0119 sw\u0105 dol\u0105,<br \/>\nhallali lali ho,<br \/>\nza\u015bpiewaj: ach, Manolo!<br \/>\nO te walonki sz\u0142o!<\/p>\n<p>Cho\u0107 rzekn\u0105 \u017ce\u015b dziwol\u0105g,<br \/>\nhalleli hollale,<br \/>\nty twardo ci\u0105gnij solo:<br \/>\nManolo, w\u0142a\u015bnie te!<\/p>\n<p>A dalej zanu\u0107 mi\u0119kko,<br \/>\ngdy zi\u0105b ci\u0119 tnie jak n\u00f3\u017c:<br \/>\nhallo, Helo, Helenko,<br \/>\nwalonki ciep\u0142e w\u0142\u00f3\u017c!<\/p>\n","protected":false},"excerpt":{"rendered":"<p>Walonki od Manola, hollali hallali, W Brytaniach czy w Tyrolach rozgrzej\u0105 serce ci. Nie przejmuj si\u0119 sw\u0105 dol\u0105, hallali lali ho, za\u015bpiewaj: ach, Manolo! O te walonki sz\u0142o! Cho\u0107 rzekn\u0105 \u017ce\u015b dziwol\u0105g, halleli hollale, ty twardo ci\u0105gnij solo: Manolo, w\u0142a\u015bnie te! A dalej zanu\u0107 mi\u0119kko, gdy zi\u0105b ci\u0119 tnie jak n\u00f3\u017c: hallo, Helo, Helenko, walonki ciep\u0142e w\u0142\u00f3\u017c!<\/p>\n","protected":false},"author":274,"featured_media":0,"parent":2573,"menu_order":0,"comment_status":"open","ping_status":"open","template":"wiersze_osobowosci.php","meta":{"footnotes":""},"class_list":["post-104","page","type-page","status-publish","hentry"],"_links":{"self":[{"href":"https:\/\/blog-bobika.eu\/index.php?rest_route=\/wp\/v2\/pages\/104","targetHints":{"allow":["GET"]}}],"collection":[{"href":"https:\/\/blog-bobika.eu\/index.php?rest_route=\/wp\/v2\/pages"}],"about":[{"href":"https:\/\/blog-bobika.eu\/index.php?rest_route=\/wp\/v2\/types\/page"}],"author":[{"embeddable":true,"href":"https:\/\/blog-bobika.eu\/index.php?rest_route=\/wp\/v2\/users\/274"}],"replies":[{"embeddable":true,"href":"https:\/\/blog-bobika.eu\/index.php?rest_route=%2Fwp%2Fv2%2Fcomments&post=104"}],"version-history":[{"count":1,"href":"https:\/\/blog-bobika.eu\/index.php?rest_route=\/wp\/v2\/pages\/104\/revisions"}],"predecessor-version":[{"id":2618,"href":"https:\/\/blog-bobika.eu\/index.php?rest_route=\/wp\/v2\/pages\/104\/revisions\/2618"}],"up":[{"embeddable":true,"href":"https:\/\/blog-bobika.eu\/index.php?rest_route=\/wp\/v2\/pages\/2573"}],"wp:attachment":[{"href":"https:\/\/blog-bobika.eu\/index.php?rest_route=%2Fwp%2Fv2%2Fmedia&parent=104"}],"curies":[{"name":"wp","href":"https:\/\/api.w.org\/{rel}","templated":true}]}}