{"id":102,"date":"2008-12-03T22:06:58","date_gmt":"2008-12-03T21:06:58","guid":{"rendered":"http:\/\/blog-bobika.eu\/?page_id=102"},"modified":"2008-12-03T22:06:58","modified_gmt":"2008-12-03T21:06:58","slug":"dynia","status":"publish","type":"page","link":"https:\/\/blog-bobika.eu\/?page_id=102","title":{"rendered":"Dynia"},"content":{"rendered":"<p>Nikt nie przekona mnie do dyni!<br \/>\nCzy mieszka w E\u0142ku, czy te\u017c w Gdyni,<br \/>\nczy antonowem czy concordem<br \/>\nlata, ja i tak  skrzywi\u0119 mord\u0119<br \/>\nna dyni ob\u0142o\u015b\u0107 dyluwialn\u0105<br \/>\ni na dystrakcj\u0119 jej fataln\u0105<br \/>\ni na dysleksj\u0119 dynamiczn\u0105,<br \/>\nkt\u00f3r\u0105 przera\u017ca nawet liczn\u0105<br \/>\ngromad\u0119 fan\u00f3w dysfmorfizmu.<br \/>\nTu si\u0119gn\u0119 szybko do truizmu:<br \/>\nkto si\u0119 w dyspepsji nie chce szpony<br \/>\ndosta\u0107 i tkwi\u0107 w nich niestrawiony,<br \/>\nczy mieszka w Suchej, czy w Ma\u0142kini,<br \/>\nniech z dala trzyma si\u0119 od dyni!<\/p>\n","protected":false},"excerpt":{"rendered":"<p>Nikt nie przekona mnie do dyni! Czy mieszka w E\u0142ku, czy te\u017c w Gdyni, czy antonowem czy concordem lata, ja i tak skrzywi\u0119 mord\u0119 na dyni ob\u0142o\u015b\u0107 dyluwialn\u0105 i na dystrakcj\u0119 jej fataln\u0105 i na dysleksj\u0119 dynamiczn\u0105, kt\u00f3r\u0105 przera\u017ca nawet liczn\u0105 gromad\u0119 fan\u00f3w dysfmorfizmu. Tu si\u0119gn\u0119 szybko do truizmu: kto si\u0119 w dyspepsji nie chce szpony dosta\u0107 i tkwi\u0107 w nich niestrawiony, czy mieszka w Suchej, czy w Ma\u0142kini, niech z dala trzyma si\u0119 od dyni!<\/p>\n","protected":false},"author":274,"featured_media":0,"parent":3,"menu_order":0,"comment_status":"open","ping_status":"open","template":"wiersze1.php","meta":{"footnotes":""},"class_list":["post-102","page","type-page","status-publish","hentry"],"_links":{"self":[{"href":"https:\/\/blog-bobika.eu\/index.php?rest_route=\/wp\/v2\/pages\/102","targetHints":{"allow":["GET"]}}],"collection":[{"href":"https:\/\/blog-bobika.eu\/index.php?rest_route=\/wp\/v2\/pages"}],"about":[{"href":"https:\/\/blog-bobika.eu\/index.php?rest_route=\/wp\/v2\/types\/page"}],"author":[{"embeddable":true,"href":"https:\/\/blog-bobika.eu\/index.php?rest_route=\/wp\/v2\/users\/274"}],"replies":[{"embeddable":true,"href":"https:\/\/blog-bobika.eu\/index.php?rest_route=%2Fwp%2Fv2%2Fcomments&post=102"}],"version-history":[{"count":0,"href":"https:\/\/blog-bobika.eu\/index.php?rest_route=\/wp\/v2\/pages\/102\/revisions"}],"up":[{"embeddable":true,"href":"https:\/\/blog-bobika.eu\/index.php?rest_route=\/wp\/v2\/pages\/3"}],"wp:attachment":[{"href":"https:\/\/blog-bobika.eu\/index.php?rest_route=%2Fwp%2Fv2%2Fmedia&parent=102"}],"curies":[{"name":"wp","href":"https:\/\/api.w.org\/{rel}","templated":true}]}}