{"id":100,"date":"2008-12-03T22:02:00","date_gmt":"2008-12-03T21:02:00","guid":{"rendered":"http:\/\/blog-bobika.eu\/?page_id=100"},"modified":"2015-08-28T17:47:23","modified_gmt":"2015-08-28T15:47:23","slug":"ogon-zabotoksowany","status":"publish","type":"page","link":"https:\/\/blog-bobika.eu\/?page_id=100","title":{"rendered":"Ogon zabotoksowany"},"content":{"rendered":"<p>Ach, jak\u017ce nieruchomo tkwi\u0119<br \/>\nna Bobikowym zadzie.<br \/>\nTo, jak potraktowano mi\u0119<br \/>\nna \u017cyciu mym cie\u0144 k\u0142adzie.<\/p>\n<p>Pomn\u0119, gdym wes\u00f3\u0142, pi\u0119kny, zdr\u00f3w<br \/>\nwe wszystkim m\u00f3g\u0142 bra\u0107 udzia\u0142<br \/>\ndo koni-m macha\u0142 i do kr\u00f3w<br \/>\nnie m\u00f3wi\u0105c ju\u017c o ludziach.<\/p>\n<p>Podkuli\u0107 mog\u0142em si\u0119 pod sp\u00f3d<br \/>\ni z g\u00f3ry na d\u00f3\u0142 skin\u0105\u0107<br \/>\nemocjonalny zrobi\u0107 skr\u00f3t<br \/>\nlub uczu\u0107 \u017car rozwin\u0105\u0107.<\/p>\n<p>A dzi\u015b, jak zaczadzony mu\u0142<br \/>\nniezdolny-m jest do drgni\u0119cia,<br \/>\nnie czuj\u0119, bym cokolwiek czu\u0142,<br \/>\nco m\u00f3wi\u0119 bez zad\u0119cia.<\/p>\n<p>Nasada moja ju\u017c na fest<br \/>\ntrucizn\u0105 usztywniona.<br \/>\nM\u0142odo\u015b\u0107! Czy ona jest debest<br \/>\nw botoksu strasznych szponach?<\/p>\n<p>By\u0107 m\u0142odym to nie moja rzecz,<br \/>\nwiem. I tak my\u015bl\u0119 w duchu:<br \/>\nju\u017c mnie nie g\u0142aszczcie nawet, lecz<br \/>\ndopu\u015b\u0107cie mnie do ruchu!  <\/p>\n","protected":false},"excerpt":{"rendered":"<p>Ach, jak\u017ce nieruchomo tkwi\u0119 na Bobikowym zadzie. To, jak potraktowano mi\u0119 na \u017cyciu mym cie\u0144 k\u0142adzie. Pomn\u0119, gdym wes\u00f3\u0142, pi\u0119kny, zdr\u00f3w we wszystkim m\u00f3g\u0142 bra\u0107 udzia\u0142 do koni-m macha\u0142 i do kr\u00f3w nie m\u00f3wi\u0105c ju\u017c o ludziach. Podkuli\u0107 mog\u0142em si\u0119 pod sp\u00f3d i z g\u00f3ry na d\u00f3\u0142 skin\u0105\u0107 emocjonalny zrobi\u0107 skr\u00f3t lub uczu\u0107 \u017car rozwin\u0105\u0107. A dzi\u015b, jak zaczadzony mu\u0142 niezdolny-m jest do drgni\u0119cia, nie czuj\u0119, bym cokolwiek czu\u0142, co m\u00f3wi\u0119 bez zad\u0119cia. Nasada moja ju\u017c na fest trucizn\u0105 usztywniona. M\u0142odo\u015b\u0107! Czy ona jest debest w botoksu strasznych szponach? By\u0107 m\u0142odym to nie moja rzecz, wiem. I tak my\u015bl\u0119 w [&hellip;]<\/p>\n","protected":false},"author":274,"featured_media":0,"parent":2569,"menu_order":0,"comment_status":"open","ping_status":"open","template":"wiersze_psy.php","meta":{"footnotes":""},"class_list":["post-100","page","type-page","status-publish","hentry"],"_links":{"self":[{"href":"https:\/\/blog-bobika.eu\/index.php?rest_route=\/wp\/v2\/pages\/100","targetHints":{"allow":["GET"]}}],"collection":[{"href":"https:\/\/blog-bobika.eu\/index.php?rest_route=\/wp\/v2\/pages"}],"about":[{"href":"https:\/\/blog-bobika.eu\/index.php?rest_route=\/wp\/v2\/types\/page"}],"author":[{"embeddable":true,"href":"https:\/\/blog-bobika.eu\/index.php?rest_route=\/wp\/v2\/users\/274"}],"replies":[{"embeddable":true,"href":"https:\/\/blog-bobika.eu\/index.php?rest_route=%2Fwp%2Fv2%2Fcomments&post=100"}],"version-history":[{"count":1,"href":"https:\/\/blog-bobika.eu\/index.php?rest_route=\/wp\/v2\/pages\/100\/revisions"}],"predecessor-version":[{"id":2608,"href":"https:\/\/blog-bobika.eu\/index.php?rest_route=\/wp\/v2\/pages\/100\/revisions\/2608"}],"up":[{"embeddable":true,"href":"https:\/\/blog-bobika.eu\/index.php?rest_route=\/wp\/v2\/pages\/2569"}],"wp:attachment":[{"href":"https:\/\/blog-bobika.eu\/index.php?rest_route=%2Fwp%2Fv2%2Fmedia&parent=100"}],"curies":[{"name":"wp","href":"https:\/\/api.w.org\/{rel}","templated":true}]}}